{"id":2089,"date":"2024-05-23T19:52:56","date_gmt":"2024-05-23T19:52:56","guid":{"rendered":"https:\/\/shop.nederweert24.nl\/kijk-op-huid\/?post_type=product&#038;p=2089"},"modified":"2024-05-23T19:59:58","modified_gmt":"2024-05-23T19:59:58","slug":"this-is-sun-face-cream-spf50-50ml","status":"publish","type":"product","link":"https:\/\/shop.nederweert24.nl\/kijk-op-huid\/product\/this-is-sun-face-cream-spf50-50ml\/","title":{"rendered":"This is sun  Face cream SPF50+ 50ml"},"content":{"rendered":"<p><strong>Face cream SPF 50+<\/strong><\/p>\n<p>Zonnecr\u00e8me voor het gelaat met een zeer hoge factor die de huid beschermt tegen UVA en UVB stralen. \u201cthis is sun.\u201d face cream SPF50+ is perfect voor alle huidtypes en voor de meest delicate zones zoals je gelaat en decollet\u00e9. De cr\u00e8me is verrijkt met een actieve mix van anti-oxidanten en anti-verouderingselementen voor een optimale bescherming en extra hydratatie van de huid. De formule bevat bovendien een specifieke ingredi\u00ebntenmix om pigmentvlekken te voorkomen. Het Mullein-extract zorgt voor een natuurlijk verhelderend effect op het gelaat. Natriumhyaluronaat werkt vochtinbrengend en vermindert rimpels. Vitamine E beperkt de celschade die de zon aanricht en versterkt de barri\u00e8refunctie van de huid. Rijstzetmeel stimuleert de celvitaliteit en zorgt zo voor een zijdezacht gevoel.<\/p>\n<p>Deze face cream SPF50+ laat geen wit laagje achter bij het aanbrengen. Bovendien heeft deze zonnecr\u00e8me een heerlijk frisse geur op basis van tuberoos, jasmijn en zwarte bessen. \u201cthis is sun.\u201d face cream is dermatologisch getest en geschikt voor de gevoelige huid.<\/p>\n<p>&nbsp;<\/p>\n<p><span style=\"font-size: 18px\"><strong>Eigenschappen:<\/strong><\/span><\/p>\n<p class=\"p2\">\u2013 zonnecr\u00e8me voor gelaat en decollet\u00e9<\/p>\n<p class=\"p2\">\u2013 anti-oxidanten en anti-verouderingselementen<\/p>\n<p class=\"p2\">\u2013 specifieke ingredi\u00ebntenmix om pigmentvlekken te voorkomen<span class=\"Apple-converted-space\">\u00a0<\/span><\/p>\n<p class=\"p2\">\u2013 mullein-extract voor een natuurlijk verhelderend effect<span class=\"Apple-converted-space\">\u00a0<\/span><\/p>\n<p class=\"p2\">\u2013 natriumhyaluronaat werkt vochtinbrengend en vermindert rimpels<\/p>\n<p class=\"p2\">\u2013 rijstzetmeel stimuleert de celvitaliteit (zijdezacht gevoel)<\/p>\n<p class=\"p2\">\u2013 geen wit laagje bij het aanbrengen<\/p>\n<p class=\"p3\">\u2013 bevat voor 63% ingredi\u00ebnten van natuurlijke oorsprong<\/p>\n<p>&nbsp;<\/p>\n<p class=\"p2\"><strong>Water-resistant<span class=\"Apple-converted-space\">\u00a0<\/span><\/strong><\/p>\n<p class=\"p3\">De term \u201cwaterproof \u201d mag niet meer gebruikt worden voor zonbescherming. Omdat een zonneproduct nu eenmaal nooit waterproof kan zijn. De juiste term is nu water-resistant (waterbestendig), dat wil zeggen dat het product wel tegen water kan, maar ook hier geldt dat de werking minder wordt na elke aanraking met water. Dus als je veel transpireert of veel zwemt is het sowieso verstandig je regelmatig opnieuw te beschermen tegen de zon.<span class=\"Apple-converted-space\">\u00a0<\/span><\/p>\n<p><strong>uva &amp; uvb bescherming<\/strong><\/p>\n<p>UVB stralen dringen minder diep de huid in en zijn verantwoordelijk voor het verbranden van de huid. UVA stralen dringen dieper de huid in en zijn onder andere verantwoordelijk voor rimpels, huidplekjes en pigmentvlekken die we in in ons gezicht krijgen.<\/p>\n<p><strong>dermatologisch getest<\/strong><\/p>\n<p>Deze formule werd getest bij proefpersonen onder leiding van een dermatoloog.<\/p>\n<p><strong>voor alle huidtypes<\/strong><\/p>\n<p>Bij het ontwikkelen van onze producten zorgen we ervoor dat ze geschikt zijn voor alle huidtypes.<\/p>\n<p><strong>geschikt voor de gevoelige huid<\/strong><\/p>\n<p>Deze formule werd getest bij proefpersonen onder leiding van een dermatoloog.<\/p>\n<p><strong>vegan<\/strong><\/p>\n<p>Onze producten bevatten geen dierlijke ingredi\u00ebnten. Er werden op geen enkele manier dieren gebruikt tijdens het productieproces van onze producten.<\/p>\n<p><strong>parabenenvrij<\/strong><\/p>\n<p>Parabenen zijn chemische bewaarstoffen die vaak in cosmetica aanwezig zijn maar die de huid zouden kunnen irriteren. Onder het motto \u201cbetter safe than sorry\u201d weren we deze bewaarstoffen zo veel mogelijk uit onze formules.<\/p>\n<p><strong>Filters:<\/strong><\/p>\n<p class=\"p2\">We kiezen voor organische breedspectrum UV-zonnefilters die fotostabiel zijn en niet in de bloedbaan dringen: Uvinul A Plus voor UVA bescherming en Uvinal T150 voor UVB bescherming. Dit zijn veilige en stabiele filters zonder hormoonverstorende werking en met weinig kans op huidirritatie.<\/p>\n<p class=\"p2\">Waarom hebben we niet gekozen voor inorganische of fysische filters? Fysische filters zoals titaniumdioxide en zinkoxide laten een witte laag achter op de huid. Hierdoor is er meer kans op verstopte pori\u00ebn en acne. Cr\u00e8mes met fysische filters zijn moeilijker uit te smeren en plakken in de haren waardoor het vooral voor mannen niet aangenaam is om deze aan te brengen. Fysische filters kunnen ook niet onbewerkt in zonbescherming gebruikt worden (dan geven ze vrije radikalen af). Ze ondergaan dus eerst een coating behandeling waardoor de minerale deeltjes eveneens synthetisch en onnatuurlijk worden. Bovendien is de procedure van deze coating ingewikkeld en wordt er weinig tot geen kwaliteitscontrole op gedaan. Dit leidt vaak tot instabiele formules. Daarom hebben wij bewust gekozen voor goedgekeurde organische filters met een bewezen stabiliteit.<\/p>\n<p class=\"p2\">Onze producten maken gebruik van een combinatie van organische UV-filters om een maximale breedspectrum dekking te bieden voor zowel UVA als UVB stralen. Helaas bestaat er niet zoiets als een \u2018natuurlijke\u2019 zonnebrandcr\u00e8me. Hoewel onze formules uniek zijn en we zoveel mogelijk onnodige ingredi\u00ebnten die in zonnebrandcr\u00e8mes worden gebruikt, hebben proberen te vermijden, is het belangrijk op te merken dat alle zonnebrandcr\u00e8mes \u00e9\u00e9n of andere vorm van chemische stof moeten bevatten om een veilige bescherming tegen de zon te bieden. Uiteindelijk is de keuze aan jou. Geen enkele zonnebrandcr\u00e8me is geschikt voor iedereen. De beste zonnebrandcr\u00e8me is de cr\u00e8me die je elke dag met een goed gevoel opdoet.<\/p>\n","protected":false},"excerpt":{"rendered":"<p>Face cream SPF 50+ Zonnecr\u00e8me voor het gelaat met een zeer hoge factor die de huid beschermt tegen UVA en UVB stralen. \u201cthis is sun.\u201d face cream SPF50+ is perfect voor alle huidtypes en voor de meest delicate zones zoals je gelaat en decollet\u00e9. De cr\u00e8me is verrijkt met een actieve mix van anti-oxidanten en [&hellip;]<\/p>\n","protected":false},"featured_media":2090,"template":"","meta":[],"yoast_head":"<!-- This site is optimized with the Yoast SEO plugin v15.3 - https:\/\/yoast.com\/wordpress\/plugins\/seo\/ -->\n<title>This is sun Face cream SPF50+ 50ml - Kijk op Huid<\/title>\n<meta name=\"robots\" content=\"index, follow, max-snippet:-1, max-image-preview:large, max-video-preview:-1\" \/>\n<link rel=\"canonical\" href=\"https:\/\/shop.nederweert24.nl\/kijk-op-huid\/product\/this-is-sun-face-cream-spf50-50ml\/\" \/>\n<meta property=\"og:locale\" content=\"nl_NL\" \/>\n<meta property=\"og:type\" content=\"article\" \/>\n<meta property=\"og:title\" content=\"This is sun Face cream SPF50+ 50ml - Kijk op Huid\" \/>\n<meta property=\"og:description\" content=\"Face cream SPF 50+ Zonnecr\u00e8me voor het gelaat met een zeer hoge factor die de huid beschermt tegen UVA en UVB stralen. \u201cthis is sun.\u201d face cream SPF50+ is perfect voor alle huidtypes en voor de meest delicate zones zoals je gelaat en decollet\u00e9. De cr\u00e8me is verrijkt met een actieve mix van anti-oxidanten en [&hellip;]\" \/>\n<meta property=\"og:url\" content=\"https:\/\/shop.nederweert24.nl\/kijk-op-huid\/product\/this-is-sun-face-cream-spf50-50ml\/\" \/>\n<meta property=\"og:site_name\" content=\"Kijk op Huid\" \/>\n<meta property=\"article:publisher\" content=\"https:\/\/www.facebook.com\/KIJKopHUID\" \/>\n<meta property=\"article:modified_time\" content=\"2024-05-23T19:59:58+00:00\" \/>\n<meta property=\"og:image\" content=\"https:\/\/shop.nederweert24.nl\/kijk-op-huid\/wp-content\/uploads\/sites\/12\/2024\/05\/Face-cream-SPF50-this-is-sun-this-is-us_2-1024x1024-1.jpg\" \/>\n\t<meta property=\"og:image:width\" content=\"1024\" \/>\n\t<meta property=\"og:image:height\" content=\"1024\" \/>\n<meta name=\"twitter:card\" content=\"summary_large_image\" \/>\n<meta name=\"twitter:creator\" content=\"@kijkophuid\" \/>\n<meta name=\"twitter:site\" content=\"@kijkophuid\" \/>\n<meta name=\"twitter:label1\" content=\"Geschreven door\">\n\t<meta name=\"twitter:data1\" content=\"kohadmin\">\n\t<meta name=\"twitter:label2\" content=\"Geschatte leestijd\">\n\t<meta name=\"twitter:data2\" content=\"3 minuten\">\n<script type=\"application\/ld+json\" class=\"yoast-schema-graph\">{\"@context\":\"https:\/\/schema.org\",\"@graph\":[{\"@type\":\"WebSite\",\"@id\":\"https:\/\/shop.nederweert24.nl\/kijk-op-huid\/#website\",\"url\":\"https:\/\/shop.nederweert24.nl\/kijk-op-huid\/\",\"name\":\"Kijk op Huid\",\"description\":\"Een shop.nederweert24.nl online winkel\",\"potentialAction\":[{\"@type\":\"SearchAction\",\"target\":\"https:\/\/shop.nederweert24.nl\/kijk-op-huid\/?s={search_term_string}\",\"query-input\":\"required name=search_term_string\"}],\"inLanguage\":\"nl\"},{\"@type\":\"ImageObject\",\"@id\":\"https:\/\/shop.nederweert24.nl\/kijk-op-huid\/product\/this-is-sun-face-cream-spf50-50ml\/#primaryimage\",\"inLanguage\":\"nl\",\"url\":\"https:\/\/shop.nederweert24.nl\/kijk-op-huid\/wp-content\/uploads\/sites\/12\/2024\/05\/Face-cream-SPF50-this-is-sun-this-is-us_2-1024x1024-1.jpg\",\"width\":1024,\"height\":1024},{\"@type\":\"WebPage\",\"@id\":\"https:\/\/shop.nederweert24.nl\/kijk-op-huid\/product\/this-is-sun-face-cream-spf50-50ml\/#webpage\",\"url\":\"https:\/\/shop.nederweert24.nl\/kijk-op-huid\/product\/this-is-sun-face-cream-spf50-50ml\/\",\"name\":\"This is sun Face cream SPF50+ 50ml - Kijk op Huid\",\"isPartOf\":{\"@id\":\"https:\/\/shop.nederweert24.nl\/kijk-op-huid\/#website\"},\"primaryImageOfPage\":{\"@id\":\"https:\/\/shop.nederweert24.nl\/kijk-op-huid\/product\/this-is-sun-face-cream-spf50-50ml\/#primaryimage\"},\"datePublished\":\"2024-05-23T19:52:56+00:00\",\"dateModified\":\"2024-05-23T19:59:58+00:00\",\"inLanguage\":\"nl\",\"potentialAction\":[{\"@type\":\"ReadAction\",\"target\":[\"https:\/\/shop.nederweert24.nl\/kijk-op-huid\/product\/this-is-sun-face-cream-spf50-50ml\/\"]}]}]}<\/script>\n<!-- \/ Yoast SEO plugin. -->","_links":{"self":[{"href":"https:\/\/shop.nederweert24.nl\/kijk-op-huid\/wp-json\/wp\/v2\/product\/2089"}],"collection":[{"href":"https:\/\/shop.nederweert24.nl\/kijk-op-huid\/wp-json\/wp\/v2\/product"}],"about":[{"href":"https:\/\/shop.nederweert24.nl\/kijk-op-huid\/wp-json\/wp\/v2\/types\/product"}],"wp:featuredmedia":[{"embeddable":true,"href":"https:\/\/shop.nederweert24.nl\/kijk-op-huid\/wp-json\/wp\/v2\/media\/2090"}],"wp:attachment":[{"href":"https:\/\/shop.nederweert24.nl\/kijk-op-huid\/wp-json\/wp\/v2\/media?parent=2089"}],"curies":[{"name":"wp","href":"https:\/\/api.w.org\/{rel}","templated":true}]}}